{"id":3424,"date":"2025-11-30T22:49:50","date_gmt":"2025-12-01T01:49:50","guid":{"rendered":"https:\/\/roxanawerner.com\/?page_id=3424"},"modified":"2025-11-30T22:49:58","modified_gmt":"2025-12-01T01:49:58","slug":"criticism-2","status":"publish","type":"page","link":"https:\/\/roxanawerner.com\/en\/criticism-2\/","title":{"rendered":"Videos"},"content":{"rendered":"<div class=\"wpb-content-wrapper\"><p>[vc_row row_height_percent=&#8221;0&#8243; overlay_alpha=&#8221;50&#8243; gutter_size=&#8221;3&#8243; column_width_percent=&#8221;100&#8243; shift_y=&#8221;0&#8243; z_index=&#8221;0&#8243; uncode_shortcode_id=&#8221;455439&#8243;][vc_column column_width_percent=&#8221;100&#8243; position_vertical=&#8221;bottom&#8221; gutter_size=&#8221;3&#8243; overlay_alpha=&#8221;50&#8243; shift_x=&#8221;0&#8243; shift_y=&#8221;0&#8243; shift_y_down=&#8221;0&#8243; z_index=&#8221;0&#8243; medium_width=&#8221;0&#8243; mobile_width=&#8221;0&#8243; width=&#8221;1\/1&#8243; uncode_shortcode_id=&#8221;174128&#8243;][vc_empty_space empty_h=&#8221;3&#8243;][vc_row_inner limit_content=&#8221;&#8221;][vc_column_inner column_width_percent=&#8221;100&#8243; align_horizontal=&#8221;align_center&#8221; gutter_size=&#8221;3&#8243; overlay_alpha=&#8221;50&#8243; shift_x=&#8221;0&#8243; shift_y=&#8221;0&#8243; shift_y_down=&#8221;0&#8243; z_index=&#8221;0&#8243; medium_width=&#8221;0&#8243; mobile_width=&#8221;0&#8243; width=&#8221;1\/1&#8243; uncode_shortcode_id=&#8221;174907&#8243;][vc_custom_heading text_font=&#8221;font-555555&#8243; text_size=&#8221;custom&#8221; text_weight=&#8221;400&#8243; text_transform=&#8221;uppercase&#8221; uncode_shortcode_id=&#8221;178754&#8243; heading_custom_size=&#8221;32&#8243;]<strong>Videos<\/strong>[\/vc_custom_heading][\/vc_column_inner][\/vc_row_inner][\/vc_column][\/vc_row][vc_row][vc_column width=&#8221;1\/1&#8243;][vc_row_inner row_inner_height_percent=&#8221;0&#8243; overlay_alpha=&#8221;50&#8243; gutter_size=&#8221;4&#8243; shift_y=&#8221;0&#8243; z_index=&#8221;0&#8243; uncode_shortcode_id=&#8221;164190&#8243; el_id=&#8221;#top60maestros&#8221; limit_content=&#8221;&#8221;][vc_column_inner column_width_percent=&#8221;100&#8243; gutter_size=&#8221;3&#8243; overlay_alpha=&#8221;50&#8243; shift_x=&#8221;0&#8243; shift_y=&#8221;0&#8243; shift_y_down=&#8221;0&#8243; z_index=&#8221;0&#8243; medium_width=&#8221;0&#8243; mobile_width=&#8221;0&#8243; sticky=&#8221;yes&#8221; width=&#8221;1\/3&#8243; uncode_shortcode_id=&#8221;190693&#8243;][vc_custom_heading text_size=&#8221;h3&#8243; uncode_shortcode_id=&#8221;404897&#8243;]Biennial of Florence Art and Design XV EditionTheme: &#8220;The Sublime Essence of Light and Darkness&#8221;.[\/vc_custom_heading][vc_empty_space empty_h=&#8221;1&#8243;][vc_custom_heading heading_semantic=&#8221;p&#8221; text_size=&#8221;&#8221; uncode_shortcode_id=&#8221;945179&#8243;]Credit: <b>The Factory Prd<br \/>\n<\/b>https:\/\/www.instagram.com\/thefactoryprd\/[\/vc_custom_heading][\/vc_column_inner][vc_column_inner width=&#8221;2\/3&#8243;][vc_single_image media=&#8221;3378&#8243; media_width_percent=&#8221;100&#8243; uncode_shortcode_id=&#8221;209713&#8243;][vc_empty_space empty_h=&#8221;5&#8243;][\/vc_column_inner][\/vc_row_inner][\/vc_column][\/vc_row]<\/p>\n<\/div>","protected":false},"excerpt":{"rendered":"<p>[vc_row row_height_percent=&#8221;0&#8243; overlay_alpha=&#8221;50&#8243; gutter_size=&#8221;3&#8243; column_width_percent=&#8221;100&#8243; shift_y=&#8221;0&#8243; z_index=&#8221;0&#8243; uncode_shortcode_id=&#8221;455439&#8243;][vc_column column_width_percent=&#8221;100&#8243; position_vertical=&#8221;bottom&#8221; gutter_size=&#8221;3&#8243; overlay_alpha=&#8221;50&#8243; shift_x=&#8221;0&#8243; shift_y=&#8221;0&#8243; shift_y_down=&#8221;0&#8243; z_index=&#8221;0&#8243; medium_width=&#8221;0&#8243; mobile_width=&#8221;0&#8243; width=&#8221;1\/1&#8243; uncode_shortcode_id=&#8221;174128&#8243;][vc_empty_space [&hellip;]<\/p>\n","protected":false},"author":2,"featured_media":2404,"parent":0,"menu_order":0,"comment_status":"closed","ping_status":"closed","template":"","meta":{"_acf_changed":false,"nf_dc_page":"","footnotes":""},"class_list":["post-3424","page","type-page","status-publish","has-post-thumbnail","hentry"],"acf":[],"yoast_head":"<!-- This site is optimized with the Yoast SEO plugin v27.4 - https:\/\/yoast.com\/product\/yoast-seo-wordpress\/ -->\n<title>Videos - Roxana Werner<\/title>\n<meta name=\"description\" content=\"Comments made by different personalities in the media, art portals and curators from different parts of the world.\" \/>\n<meta name=\"robots\" content=\"index, follow, max-snippet:-1, max-image-preview:large, max-video-preview:-1\" \/>\n<link rel=\"canonical\" href=\"https:\/\/roxanawerner.com\/en\/criticism-2\/\" \/>\n<meta property=\"og:locale\" content=\"en_US\" \/>\n<meta property=\"og:type\" content=\"article\" \/>\n<meta property=\"og:title\" content=\"Videos - Roxana Werner\" \/>\n<meta property=\"og:description\" content=\"Comments made by different personalities in the media, art portals and curators from different parts of the world.\" \/>\n<meta property=\"og:url\" content=\"https:\/\/roxanawerner.com\/en\/criticism-2\/\" \/>\n<meta property=\"og:site_name\" content=\"Roxana Werner\" \/>\n<meta property=\"article:modified_time\" content=\"2025-12-01T01:49:58+00:00\" \/>\n<meta property=\"og:image\" content=\"https:\/\/i0.wp.com\/roxanawerner.com\/wp-content\/uploads\/2020\/08\/scan-42.jpg?fit=1000%2C701&ssl=1\" \/>\n\t<meta property=\"og:image:width\" content=\"1000\" \/>\n\t<meta property=\"og:image:height\" content=\"701\" \/>\n\t<meta property=\"og:image:type\" content=\"image\/jpeg\" \/>\n<meta name=\"twitter:card\" content=\"summary_large_image\" \/>\n<meta name=\"twitter:label1\" content=\"Est. reading time\" \/>\n\t<meta name=\"twitter:data1\" content=\"1 minute\" \/>\n<script type=\"application\/ld+json\" class=\"yoast-schema-graph\">{\"@context\":\"https:\\\/\\\/schema.org\",\"@graph\":[{\"@type\":\"WebPage\",\"@id\":\"https:\\\/\\\/roxanawerner.com\\\/en\\\/criticism-2\\\/\",\"url\":\"https:\\\/\\\/roxanawerner.com\\\/en\\\/criticism-2\\\/\",\"name\":\"Videos - Roxana Werner\",\"isPartOf\":{\"@id\":\"https:\\\/\\\/roxanawerner.com\\\/en\\\/#website\"},\"primaryImageOfPage\":{\"@id\":\"https:\\\/\\\/roxanawerner.com\\\/en\\\/criticism-2\\\/#primaryimage\"},\"image\":{\"@id\":\"https:\\\/\\\/roxanawerner.com\\\/en\\\/criticism-2\\\/#primaryimage\"},\"thumbnailUrl\":\"https:\\\/\\\/i0.wp.com\\\/roxanawerner.com\\\/wp-content\\\/uploads\\\/2020\\\/08\\\/scan-42.jpg?fit=1000%2C701&ssl=1\",\"datePublished\":\"2025-12-01T01:49:50+00:00\",\"dateModified\":\"2025-12-01T01:49:58+00:00\",\"description\":\"Comments made by different personalities in the media, art portals and curators from different parts of the world.\",\"breadcrumb\":{\"@id\":\"https:\\\/\\\/roxanawerner.com\\\/en\\\/criticism-2\\\/#breadcrumb\"},\"inLanguage\":\"en-US\",\"potentialAction\":[{\"@type\":\"ReadAction\",\"target\":[\"https:\\\/\\\/roxanawerner.com\\\/en\\\/criticism-2\\\/\"]}]},{\"@type\":\"ImageObject\",\"inLanguage\":\"en-US\",\"@id\":\"https:\\\/\\\/roxanawerner.com\\\/en\\\/criticism-2\\\/#primaryimage\",\"url\":\"https:\\\/\\\/i0.wp.com\\\/roxanawerner.com\\\/wp-content\\\/uploads\\\/2020\\\/08\\\/scan-42.jpg?fit=1000%2C701&ssl=1\",\"contentUrl\":\"https:\\\/\\\/i0.wp.com\\\/roxanawerner.com\\\/wp-content\\\/uploads\\\/2020\\\/08\\\/scan-42.jpg?fit=1000%2C701&ssl=1\",\"width\":1000,\"height\":701},{\"@type\":\"BreadcrumbList\",\"@id\":\"https:\\\/\\\/roxanawerner.com\\\/en\\\/criticism-2\\\/#breadcrumb\",\"itemListElement\":[{\"@type\":\"ListItem\",\"position\":1,\"name\":\"Portada\",\"item\":\"https:\\\/\\\/roxanawerner.com\\\/en\\\/?page_id=2743\"},{\"@type\":\"ListItem\",\"position\":2,\"name\":\"Videos\"}]},{\"@type\":\"WebSite\",\"@id\":\"https:\\\/\\\/roxanawerner.com\\\/en\\\/#website\",\"url\":\"https:\\\/\\\/roxanawerner.com\\\/en\\\/\",\"name\":\"Roxana Werner\",\"description\":\"Roxana Werner pinta con \u00f3leo y t\u00e9cnicas mixtas sobre diversos soportes. Crea su obra a partir de la investigaci\u00f3n de la historia y la cultura de los diferentes lugares que ha recorrido y que la han inspirado.\",\"potentialAction\":[{\"@type\":\"SearchAction\",\"target\":{\"@type\":\"EntryPoint\",\"urlTemplate\":\"https:\\\/\\\/roxanawerner.com\\\/en\\\/?s={search_term_string}\"},\"query-input\":{\"@type\":\"PropertyValueSpecification\",\"valueRequired\":true,\"valueName\":\"search_term_string\"}}],\"inLanguage\":\"en-US\"}]}<\/script>\n<!-- \/ Yoast SEO plugin. -->","yoast_head_json":{"title":"Videos - Roxana Werner","description":"Comments made by different personalities in the media, art portals and curators from different parts of the world.","robots":{"index":"index","follow":"follow","max-snippet":"max-snippet:-1","max-image-preview":"max-image-preview:large","max-video-preview":"max-video-preview:-1"},"canonical":"https:\/\/roxanawerner.com\/en\/criticism-2\/","og_locale":"en_US","og_type":"article","og_title":"Videos - Roxana Werner","og_description":"Comments made by different personalities in the media, art portals and curators from different parts of the world.","og_url":"https:\/\/roxanawerner.com\/en\/criticism-2\/","og_site_name":"Roxana Werner","article_modified_time":"2025-12-01T01:49:58+00:00","og_image":[{"width":1000,"height":701,"url":"https:\/\/i0.wp.com\/roxanawerner.com\/wp-content\/uploads\/2020\/08\/scan-42.jpg?fit=1000%2C701&ssl=1","type":"image\/jpeg"}],"twitter_card":"summary_large_image","twitter_misc":{"Est. reading time":"1 minute"},"schema":{"@context":"https:\/\/schema.org","@graph":[{"@type":"WebPage","@id":"https:\/\/roxanawerner.com\/en\/criticism-2\/","url":"https:\/\/roxanawerner.com\/en\/criticism-2\/","name":"Videos - Roxana Werner","isPartOf":{"@id":"https:\/\/roxanawerner.com\/en\/#website"},"primaryImageOfPage":{"@id":"https:\/\/roxanawerner.com\/en\/criticism-2\/#primaryimage"},"image":{"@id":"https:\/\/roxanawerner.com\/en\/criticism-2\/#primaryimage"},"thumbnailUrl":"https:\/\/i0.wp.com\/roxanawerner.com\/wp-content\/uploads\/2020\/08\/scan-42.jpg?fit=1000%2C701&ssl=1","datePublished":"2025-12-01T01:49:50+00:00","dateModified":"2025-12-01T01:49:58+00:00","description":"Comments made by different personalities in the media, art portals and curators from different parts of the world.","breadcrumb":{"@id":"https:\/\/roxanawerner.com\/en\/criticism-2\/#breadcrumb"},"inLanguage":"en-US","potentialAction":[{"@type":"ReadAction","target":["https:\/\/roxanawerner.com\/en\/criticism-2\/"]}]},{"@type":"ImageObject","inLanguage":"en-US","@id":"https:\/\/roxanawerner.com\/en\/criticism-2\/#primaryimage","url":"https:\/\/i0.wp.com\/roxanawerner.com\/wp-content\/uploads\/2020\/08\/scan-42.jpg?fit=1000%2C701&ssl=1","contentUrl":"https:\/\/i0.wp.com\/roxanawerner.com\/wp-content\/uploads\/2020\/08\/scan-42.jpg?fit=1000%2C701&ssl=1","width":1000,"height":701},{"@type":"BreadcrumbList","@id":"https:\/\/roxanawerner.com\/en\/criticism-2\/#breadcrumb","itemListElement":[{"@type":"ListItem","position":1,"name":"Portada","item":"https:\/\/roxanawerner.com\/en\/?page_id=2743"},{"@type":"ListItem","position":2,"name":"Videos"}]},{"@type":"WebSite","@id":"https:\/\/roxanawerner.com\/en\/#website","url":"https:\/\/roxanawerner.com\/en\/","name":"Roxana Werner","description":"Roxana Werner pinta con \u00f3leo y t\u00e9cnicas mixtas sobre diversos soportes. Crea su obra a partir de la investigaci\u00f3n de la historia y la cultura de los diferentes lugares que ha recorrido y que la han inspirado.","potentialAction":[{"@type":"SearchAction","target":{"@type":"EntryPoint","urlTemplate":"https:\/\/roxanawerner.com\/en\/?s={search_term_string}"},"query-input":{"@type":"PropertyValueSpecification","valueRequired":true,"valueName":"search_term_string"}}],"inLanguage":"en-US"}]}},"jetpack_sharing_enabled":true,"_links":{"self":[{"href":"https:\/\/roxanawerner.com\/en\/wp-json\/wp\/v2\/pages\/3424","targetHints":{"allow":["GET"]}}],"collection":[{"href":"https:\/\/roxanawerner.com\/en\/wp-json\/wp\/v2\/pages"}],"about":[{"href":"https:\/\/roxanawerner.com\/en\/wp-json\/wp\/v2\/types\/page"}],"author":[{"embeddable":true,"href":"https:\/\/roxanawerner.com\/en\/wp-json\/wp\/v2\/users\/2"}],"replies":[{"embeddable":true,"href":"https:\/\/roxanawerner.com\/en\/wp-json\/wp\/v2\/comments?post=3424"}],"version-history":[{"count":7,"href":"https:\/\/roxanawerner.com\/en\/wp-json\/wp\/v2\/pages\/3424\/revisions"}],"predecessor-version":[{"id":3446,"href":"https:\/\/roxanawerner.com\/en\/wp-json\/wp\/v2\/pages\/3424\/revisions\/3446"}],"wp:featuredmedia":[{"embeddable":true,"href":"https:\/\/roxanawerner.com\/en\/wp-json\/wp\/v2\/media\/2404"}],"wp:attachment":[{"href":"https:\/\/roxanawerner.com\/en\/wp-json\/wp\/v2\/media?parent=3424"}],"curies":[{"name":"wp","href":"https:\/\/api.w.org\/{rel}","templated":true}]}}