{"id":2741,"date":"2020-05-11T17:01:20","date_gmt":"2020-05-11T20:01:20","guid":{"rendered":"https:\/\/roxanawerner.com\/contact\/"},"modified":"2025-10-20T22:27:14","modified_gmt":"2025-10-21T01:27:14","slug":"contact","status":"publish","type":"page","link":"https:\/\/roxanawerner.com\/en\/contact\/","title":{"rendered":"Contact"},"content":{"rendered":"<div class=\"wpb-content-wrapper\"><p>[vc_row row_height_percent=&#8221;0&#8243; overlay_alpha=&#8221;50&#8243; gutter_size=&#8221;3&#8243; column_width_percent=&#8221;100&#8243; shift_y=&#8221;0&#8243; z_index=&#8221;0&#8243; uncode_shortcode_id=&#8221;455439&#8243;][vc_column column_width_percent=&#8221;100&#8243; position_vertical=&#8221;bottom&#8221; gutter_size=&#8221;3&#8243; overlay_alpha=&#8221;50&#8243; shift_x=&#8221;0&#8243; shift_y=&#8221;0&#8243; shift_y_down=&#8221;0&#8243; z_index=&#8221;0&#8243; medium_width=&#8221;0&#8243; mobile_width=&#8221;0&#8243; width=&#8221;1\/1&#8243; uncode_shortcode_id=&#8221;174128&#8243;][vc_empty_space empty_h=&#8221;3&#8243;][vc_row_inner limit_content=&#8221;&#8221;][vc_column_inner column_width_percent=&#8221;100&#8243; align_horizontal=&#8221;align_center&#8221; gutter_size=&#8221;3&#8243; overlay_alpha=&#8221;50&#8243; shift_x=&#8221;0&#8243; shift_y=&#8221;0&#8243; shift_y_down=&#8221;0&#8243; z_index=&#8221;0&#8243; medium_width=&#8221;0&#8243; mobile_width=&#8221;0&#8243; width=&#8221;1\/1&#8243; uncode_shortcode_id=&#8221;174907&#8243;][vc_custom_heading text_font=&#8221;font-555555&#8243; text_size=&#8221;custom&#8221; text_weight=&#8221;400&#8243; text_transform=&#8221;uppercase&#8221; uncode_shortcode_id=&#8221;761634&#8243; heading_custom_size=&#8221;32&#8243;]<strong>Contact<\/strong>[\/vc_custom_heading][\/vc_column_inner][\/vc_row_inner][\/vc_column][\/vc_row][vc_row row_height_percent=&#8221;50&#8243; override_padding=&#8221;yes&#8221; h_padding=&#8221;2&#8243; top_padding=&#8221;5&#8243; bottom_padding=&#8221;5&#8243; back_color=&#8221;color-wayh&#8221; back_image=&#8221;1612&#8243; parallax=&#8221;yes&#8221; kburns=&#8221;yes&#8221; overlay_color=&#8221;color-wayh&#8221; overlay_alpha=&#8221;50&#8243; gutter_size=&#8221;3&#8243; column_width_percent=&#8221;100&#8243; shift_y=&#8221;0&#8243; z_index=&#8221;0&#8243; uncode_shortcode_id=&#8221;634255&#8243; back_color_type=&#8221;uncode-palette&#8221; overlay_color_type=&#8221;uncode-palette&#8221;][vc_column column_width_percent=&#8221;75&#8243; position_horizontal=&#8221;left&#8221; position_vertical=&#8221;bottom&#8221; gutter_size=&#8221;3&#8243; style=&#8221;dark&#8221; overlay_alpha=&#8221;50&#8243; shift_x=&#8221;0&#8243; shift_y=&#8221;0&#8243; shift_y_down=&#8221;0&#8243; z_index=&#8221;0&#8243; medium_width=&#8221;0&#8243; mobile_width=&#8221;0&#8243; width=&#8221;1\/1&#8243; mobile_height=&#8221;360&#8243;][\/vc_column][\/vc_row][vc_row row_height_percent=&#8221;0&#8243; override_padding=&#8221;yes&#8221; h_padding=&#8221;2&#8243; top_padding=&#8221;5&#8243; bottom_padding=&#8221;5&#8243; overlay_alpha=&#8221;100&#8243; gutter_size=&#8221;3&#8243; column_width_percent=&#8221;100&#8243; shift_y=&#8221;0&#8243; z_index=&#8221;0&#8243; uncode_shortcode_id=&#8221;470082&#8243;][vc_column column_width_percent=&#8221;30&#8243; align_horizontal=&#8221;align_center&#8221; gutter_size=&#8221;3&#8243; overlay_alpha=&#8221;100&#8243; shift_x=&#8221;0&#8243; shift_y=&#8221;0&#8243; shift_y_down=&#8221;0&#8243; z_index=&#8221;0&#8243; medium_width=&#8221;5&#8243; mobile_width=&#8221;0&#8243; zoom_width=&#8221;0&#8243; zoom_height=&#8221;0&#8243; width=&#8221;1\/1&#8243; uncode_shortcode_id=&#8221;187854&#8243;][vc_custom_heading heading_semantic=&#8221;h3&#8243; text_size=&#8221;h3&#8243; text_align=&#8221;text-left&#8221; text_uppercase=&#8221;&#8221; uncode_shortcode_id=&#8221;154485&#8243;]Let&#8217;s talk[\/vc_custom_heading][vc_separator sep_color=&#8221;,Default&#8221;]\n<div class=\"wpcf7 no-js\" id=\"wpcf7-f2838-o1\" lang=\"en-US\" dir=\"ltr\" data-wpcf7-id=\"2838\">\n<div class=\"screen-reader-response\"><p role=\"status\" aria-live=\"polite\" aria-atomic=\"true\"><\/p> <ul><\/ul><\/div>\n<form action=\"\/en\/wp-json\/wp\/v2\/pages\/2741#wpcf7-f2838-o1\" method=\"post\" class=\"wpcf7-form init\" aria-label=\"Contact form\" novalidate=\"novalidate\" data-status=\"init\">\n<fieldset class=\"hidden-fields-container\"><input type=\"hidden\" name=\"_wpcf7\" value=\"2838\" \/><input type=\"hidden\" name=\"_wpcf7_version\" value=\"6.1.5\" \/><input type=\"hidden\" name=\"_wpcf7_locale\" value=\"en_US\" \/><input type=\"hidden\" name=\"_wpcf7_unit_tag\" value=\"wpcf7-f2838-o1\" \/><input type=\"hidden\" name=\"_wpcf7_container_post\" value=\"0\" \/><input type=\"hidden\" name=\"_wpcf7_posted_data_hash\" value=\"\" \/><input type=\"hidden\" name=\"_wpcf7_recaptcha_response\" value=\"\" \/>\n<\/fieldset>\n<p>Name<br \/>\n<span class=\"wpcf7-form-control-wrap\" data-name=\"your-firstname\"><input size=\"40\" maxlength=\"400\" class=\"wpcf7-form-control wpcf7-text wpcf7-validates-as-required form-fluid\" aria-required=\"true\" aria-invalid=\"false\" value=\"\" type=\"text\" name=\"your-firstname\" \/><\/span>\n<\/p>\n<p>Email<br \/>\n<span class=\"wpcf7-form-control-wrap\" data-name=\"your-email\"><input size=\"40\" maxlength=\"400\" class=\"wpcf7-form-control wpcf7-email wpcf7-validates-as-required wpcf7-text wpcf7-validates-as-email form-fluid\" aria-required=\"true\" aria-invalid=\"false\" value=\"\" type=\"email\" name=\"your-email\" \/><\/span>\n<\/p>\n<p>Message<br \/>\n<span class=\"wpcf7-form-control-wrap\" data-name=\"your-message\"><textarea cols=\"40\" rows=\"8\" maxlength=\"2000\" class=\"wpcf7-form-control wpcf7-textarea\" aria-invalid=\"false\" name=\"your-message\"><\/textarea><\/span>\n<\/p>\n<p><input class=\"wpcf7-form-control wpcf7-submit has-spinner btn btn-accent\" type=\"submit\" value=\"Send message\" \/>\n<\/p><div class=\"wpcf7-response-output\" aria-hidden=\"true\"><\/div>\n<\/form>\n<\/div>\n[\/vc_column][\/vc_row]<\/p>\n<\/div>","protected":false},"excerpt":{"rendered":"<p>[vc_row row_height_percent=&#8221;0&#8243; overlay_alpha=&#8221;50&#8243; gutter_size=&#8221;3&#8243; column_width_percent=&#8221;100&#8243; shift_y=&#8221;0&#8243; z_index=&#8221;0&#8243; uncode_shortcode_id=&#8221;455439&#8243;][vc_column column_width_percent=&#8221;100&#8243; position_vertical=&#8221;bottom&#8221; gutter_size=&#8221;3&#8243; overlay_alpha=&#8221;50&#8243; shift_x=&#8221;0&#8243; shift_y=&#8221;0&#8243; shift_y_down=&#8221;0&#8243; z_index=&#8221;0&#8243; medium_width=&#8221;0&#8243; mobile_width=&#8221;0&#8243; width=&#8221;1\/1&#8243; uncode_shortcode_id=&#8221;174128&#8243;][vc_empty_space [&hellip;]<\/p>\n","protected":false},"author":1,"featured_media":2403,"parent":0,"menu_order":0,"comment_status":"closed","ping_status":"closed","template":"","meta":{"_acf_changed":false,"nf_dc_page":"","footnotes":""},"class_list":["post-2741","page","type-page","status-publish","has-post-thumbnail","hentry"],"acf":[],"yoast_head":"<!-- This site is optimized with the Yoast SEO plugin v27.4 - https:\/\/yoast.com\/product\/yoast-seo-wordpress\/ -->\n<title>Contact - Roxana Werner<\/title>\n<meta name=\"description\" content=\"If you wish to contact Roxana, you can do so using the following form.\" \/>\n<meta name=\"robots\" content=\"index, follow, max-snippet:-1, max-image-preview:large, max-video-preview:-1\" \/>\n<link rel=\"canonical\" href=\"https:\/\/roxanawerner.com\/en\/contact\/\" \/>\n<meta property=\"og:locale\" content=\"en_US\" \/>\n<meta property=\"og:type\" content=\"article\" \/>\n<meta property=\"og:title\" content=\"Contact - Roxana Werner\" \/>\n<meta property=\"og:description\" content=\"If you wish to contact Roxana, you can do so using the following form.\" \/>\n<meta property=\"og:url\" content=\"https:\/\/roxanawerner.com\/en\/contact\/\" \/>\n<meta property=\"og:site_name\" content=\"Roxana Werner\" \/>\n<meta property=\"article:modified_time\" content=\"2025-10-21T01:27:14+00:00\" \/>\n<meta property=\"og:image\" content=\"https:\/\/i0.wp.com\/roxanawerner.com\/wp-content\/uploads\/2020\/08\/img_3428.jpg?fit=1000%2C747&ssl=1\" \/>\n\t<meta property=\"og:image:width\" content=\"1000\" \/>\n\t<meta property=\"og:image:height\" content=\"747\" \/>\n\t<meta property=\"og:image:type\" content=\"image\/jpeg\" \/>\n<meta name=\"twitter:card\" content=\"summary_large_image\" \/>\n<meta name=\"twitter:label1\" content=\"Est. reading time\" \/>\n\t<meta name=\"twitter:data1\" content=\"2 minutes\" \/>\n<script type=\"application\/ld+json\" class=\"yoast-schema-graph\">{\"@context\":\"https:\\\/\\\/schema.org\",\"@graph\":[{\"@type\":\"WebPage\",\"@id\":\"https:\\\/\\\/roxanawerner.com\\\/en\\\/contact\\\/\",\"url\":\"https:\\\/\\\/roxanawerner.com\\\/en\\\/contact\\\/\",\"name\":\"Contact - Roxana Werner\",\"isPartOf\":{\"@id\":\"https:\\\/\\\/roxanawerner.com\\\/en\\\/#website\"},\"primaryImageOfPage\":{\"@id\":\"https:\\\/\\\/roxanawerner.com\\\/en\\\/contact\\\/#primaryimage\"},\"image\":{\"@id\":\"https:\\\/\\\/roxanawerner.com\\\/en\\\/contact\\\/#primaryimage\"},\"thumbnailUrl\":\"https:\\\/\\\/i0.wp.com\\\/roxanawerner.com\\\/wp-content\\\/uploads\\\/2020\\\/08\\\/img_3428.jpg?fit=1000%2C747&ssl=1\",\"datePublished\":\"2020-05-11T20:01:20+00:00\",\"dateModified\":\"2025-10-21T01:27:14+00:00\",\"description\":\"If you wish to contact Roxana, you can do so using the following form.\",\"breadcrumb\":{\"@id\":\"https:\\\/\\\/roxanawerner.com\\\/en\\\/contact\\\/#breadcrumb\"},\"inLanguage\":\"en-US\",\"potentialAction\":[{\"@type\":\"ReadAction\",\"target\":[\"https:\\\/\\\/roxanawerner.com\\\/en\\\/contact\\\/\"]}]},{\"@type\":\"ImageObject\",\"inLanguage\":\"en-US\",\"@id\":\"https:\\\/\\\/roxanawerner.com\\\/en\\\/contact\\\/#primaryimage\",\"url\":\"https:\\\/\\\/i0.wp.com\\\/roxanawerner.com\\\/wp-content\\\/uploads\\\/2020\\\/08\\\/img_3428.jpg?fit=1000%2C747&ssl=1\",\"contentUrl\":\"https:\\\/\\\/i0.wp.com\\\/roxanawerner.com\\\/wp-content\\\/uploads\\\/2020\\\/08\\\/img_3428.jpg?fit=1000%2C747&ssl=1\",\"width\":1000,\"height\":747},{\"@type\":\"BreadcrumbList\",\"@id\":\"https:\\\/\\\/roxanawerner.com\\\/en\\\/contact\\\/#breadcrumb\",\"itemListElement\":[{\"@type\":\"ListItem\",\"position\":1,\"name\":\"Portada\",\"item\":\"https:\\\/\\\/roxanawerner.com\\\/en\\\/?page_id=2743\"},{\"@type\":\"ListItem\",\"position\":2,\"name\":\"Contact\"}]},{\"@type\":\"WebSite\",\"@id\":\"https:\\\/\\\/roxanawerner.com\\\/en\\\/#website\",\"url\":\"https:\\\/\\\/roxanawerner.com\\\/en\\\/\",\"name\":\"Roxana Werner\",\"description\":\"Roxana Werner pinta con \u00f3leo y t\u00e9cnicas mixtas sobre diversos soportes. Crea su obra a partir de la investigaci\u00f3n de la historia y la cultura de los diferentes lugares que ha recorrido y que la han inspirado.\",\"potentialAction\":[{\"@type\":\"SearchAction\",\"target\":{\"@type\":\"EntryPoint\",\"urlTemplate\":\"https:\\\/\\\/roxanawerner.com\\\/en\\\/?s={search_term_string}\"},\"query-input\":{\"@type\":\"PropertyValueSpecification\",\"valueRequired\":true,\"valueName\":\"search_term_string\"}}],\"inLanguage\":\"en-US\"}]}<\/script>\n<!-- \/ Yoast SEO plugin. -->","yoast_head_json":{"title":"Contact - Roxana Werner","description":"If you wish to contact Roxana, you can do so using the following form.","robots":{"index":"index","follow":"follow","max-snippet":"max-snippet:-1","max-image-preview":"max-image-preview:large","max-video-preview":"max-video-preview:-1"},"canonical":"https:\/\/roxanawerner.com\/en\/contact\/","og_locale":"en_US","og_type":"article","og_title":"Contact - Roxana Werner","og_description":"If you wish to contact Roxana, you can do so using the following form.","og_url":"https:\/\/roxanawerner.com\/en\/contact\/","og_site_name":"Roxana Werner","article_modified_time":"2025-10-21T01:27:14+00:00","og_image":[{"width":1000,"height":747,"url":"https:\/\/i0.wp.com\/roxanawerner.com\/wp-content\/uploads\/2020\/08\/img_3428.jpg?fit=1000%2C747&ssl=1","type":"image\/jpeg"}],"twitter_card":"summary_large_image","twitter_misc":{"Est. reading time":"2 minutes"},"schema":{"@context":"https:\/\/schema.org","@graph":[{"@type":"WebPage","@id":"https:\/\/roxanawerner.com\/en\/contact\/","url":"https:\/\/roxanawerner.com\/en\/contact\/","name":"Contact - Roxana Werner","isPartOf":{"@id":"https:\/\/roxanawerner.com\/en\/#website"},"primaryImageOfPage":{"@id":"https:\/\/roxanawerner.com\/en\/contact\/#primaryimage"},"image":{"@id":"https:\/\/roxanawerner.com\/en\/contact\/#primaryimage"},"thumbnailUrl":"https:\/\/i0.wp.com\/roxanawerner.com\/wp-content\/uploads\/2020\/08\/img_3428.jpg?fit=1000%2C747&ssl=1","datePublished":"2020-05-11T20:01:20+00:00","dateModified":"2025-10-21T01:27:14+00:00","description":"If you wish to contact Roxana, you can do so using the following form.","breadcrumb":{"@id":"https:\/\/roxanawerner.com\/en\/contact\/#breadcrumb"},"inLanguage":"en-US","potentialAction":[{"@type":"ReadAction","target":["https:\/\/roxanawerner.com\/en\/contact\/"]}]},{"@type":"ImageObject","inLanguage":"en-US","@id":"https:\/\/roxanawerner.com\/en\/contact\/#primaryimage","url":"https:\/\/i0.wp.com\/roxanawerner.com\/wp-content\/uploads\/2020\/08\/img_3428.jpg?fit=1000%2C747&ssl=1","contentUrl":"https:\/\/i0.wp.com\/roxanawerner.com\/wp-content\/uploads\/2020\/08\/img_3428.jpg?fit=1000%2C747&ssl=1","width":1000,"height":747},{"@type":"BreadcrumbList","@id":"https:\/\/roxanawerner.com\/en\/contact\/#breadcrumb","itemListElement":[{"@type":"ListItem","position":1,"name":"Portada","item":"https:\/\/roxanawerner.com\/en\/?page_id=2743"},{"@type":"ListItem","position":2,"name":"Contact"}]},{"@type":"WebSite","@id":"https:\/\/roxanawerner.com\/en\/#website","url":"https:\/\/roxanawerner.com\/en\/","name":"Roxana Werner","description":"Roxana Werner pinta con \u00f3leo y t\u00e9cnicas mixtas sobre diversos soportes. Crea su obra a partir de la investigaci\u00f3n de la historia y la cultura de los diferentes lugares que ha recorrido y que la han inspirado.","potentialAction":[{"@type":"SearchAction","target":{"@type":"EntryPoint","urlTemplate":"https:\/\/roxanawerner.com\/en\/?s={search_term_string}"},"query-input":{"@type":"PropertyValueSpecification","valueRequired":true,"valueName":"search_term_string"}}],"inLanguage":"en-US"}]}},"jetpack_sharing_enabled":true,"_links":{"self":[{"href":"https:\/\/roxanawerner.com\/en\/wp-json\/wp\/v2\/pages\/2741","targetHints":{"allow":["GET"]}}],"collection":[{"href":"https:\/\/roxanawerner.com\/en\/wp-json\/wp\/v2\/pages"}],"about":[{"href":"https:\/\/roxanawerner.com\/en\/wp-json\/wp\/v2\/types\/page"}],"author":[{"embeddable":true,"href":"https:\/\/roxanawerner.com\/en\/wp-json\/wp\/v2\/users\/1"}],"replies":[{"embeddable":true,"href":"https:\/\/roxanawerner.com\/en\/wp-json\/wp\/v2\/comments?post=2741"}],"version-history":[{"count":10,"href":"https:\/\/roxanawerner.com\/en\/wp-json\/wp\/v2\/pages\/2741\/revisions"}],"predecessor-version":[{"id":3365,"href":"https:\/\/roxanawerner.com\/en\/wp-json\/wp\/v2\/pages\/2741\/revisions\/3365"}],"wp:featuredmedia":[{"embeddable":true,"href":"https:\/\/roxanawerner.com\/en\/wp-json\/wp\/v2\/media\/2403"}],"wp:attachment":[{"href":"https:\/\/roxanawerner.com\/en\/wp-json\/wp\/v2\/media?parent=2741"}],"curies":[{"name":"wp","href":"https:\/\/api.w.org\/{rel}","templated":true}]}}