{"id":2735,"date":"2020-08-13T00:33:48","date_gmt":"2020-08-13T03:33:48","guid":{"rendered":"https:\/\/roxanawerner.com\/projects\/"},"modified":"2025-07-20T00:36:56","modified_gmt":"2025-07-20T03:36:56","slug":"projects","status":"publish","type":"page","link":"https:\/\/roxanawerner.com\/en\/projects\/","title":{"rendered":"Projects"},"content":{"rendered":"<div class=\"wpb-content-wrapper\"><p>[vc_row unlock_row_content=&#8221;yes&#8221; row_height_percent=&#8221;0&#8243; override_padding=&#8221;yes&#8221; h_padding=&#8221;0&#8243; top_padding=&#8221;2&#8243; bottom_padding=&#8221;5&#8243; overlay_alpha=&#8221;50&#8243; gutter_size=&#8221;2&#8243; column_width_percent=&#8221;100&#8243; shift_y=&#8221;0&#8243; z_index=&#8221;0&#8243;][vc_column column_width_percent=&#8221;100&#8243; position_horizontal=&#8221;left&#8221; gutter_size=&#8221;1&#8243; overlay_alpha=&#8221;50&#8243; shift_x=&#8221;0&#8243; shift_y=&#8221;0&#8243; shift_y_down=&#8221;0&#8243; z_index=&#8221;0&#8243; medium_width=&#8221;0&#8243; mobile_width=&#8221;0&#8243; width=&#8221;1\/1&#8243;][uncode_index el_id=&#8221;index-835644987&#8243; index_type=&#8221;carousel&#8221; loop=&#8221;size:all|order_by:modified|order:ASC|post_type:post,portfolio|categories:30|taxonomy_count:10&#8243; carousel_lg=&#8221;4&#8243; carousel_md=&#8221;3&#8243; carousel_sm=&#8221;1&#8243; thumb_size=&#8221;four-five&#8221; gutter_size=&#8221;3&#8243; post_items=&#8221;media|featured|onpost|poster,title&#8221; portfolio_items=&#8221;title,media|featured|onpost|original,category|nobg|relative|display-icon&#8221; carousel_interval=&#8221;3000&#8243; carousel_navspeed=&#8221;400&#8243; carousel_loop=&#8221;yes&#8221; carousel_overflow=&#8221;yes&#8221; carousel_dots=&#8221;yes&#8221; carousel_dots_mobile=&#8221;yes&#8221; stage_padding=&#8221;20&#8243; single_text=&#8221;overlay&#8221; single_overlay_color=&#8221;color-rgdb&#8221; single_overlay_coloration=&#8221;bottom_gradient&#8221; single_overlay_blend=&#8221;multiply&#8221; single_overlay_opacity=&#8221;1&#8243; single_overlay_visible=&#8221;yes&#8221; single_text_visible=&#8221;yes&#8221; single_text_anim_type=&#8221;btt&#8221; single_h_align=&#8221;center&#8221; single_padding=&#8221;2&#8243; single_title_dimension=&#8221;h3&#8243; single_shadow=&#8221;yes&#8221; shadow_weight=&#8221;std&#8221; single_css_animation=&#8221;bottom-t-top&#8221; single_animation_speed=&#8221;1000&#8243; custom_order=&#8221;yes&#8221; title=&#8221;Carousel-trajectory&#8221; order_ids=&#8221;159,1516,163,165,149&#8243; uncode_shortcode_id=&#8221;134270&#8243;][\/vc_column][\/vc_row]<\/p>\n<\/div>","protected":false},"excerpt":{"rendered":"<p>[vc_row unlock_row_content=&#8221;yes&#8221; row_height_percent=&#8221;0&#8243; override_padding=&#8221;yes&#8221; h_padding=&#8221;0&#8243; top_padding=&#8221;2&#8243; bottom_padding=&#8221;5&#8243; overlay_alpha=&#8221;50&#8243; gutter_size=&#8221;2&#8243; column_width_percent=&#8221;100&#8243; shift_y=&#8221;0&#8243; z_index=&#8221;0&#8243;][vc_column column_width_percent=&#8221;100&#8243; position_horizontal=&#8221;left&#8221; gutter_size=&#8221;1&#8243; overlay_alpha=&#8221;50&#8243; shift_x=&#8221;0&#8243; shift_y=&#8221;0&#8243; shift_y_down=&#8221;0&#8243; z_index=&#8221;0&#8243; [&hellip;]<\/p>\n","protected":false},"author":1,"featured_media":0,"parent":0,"menu_order":0,"comment_status":"closed","ping_status":"closed","template":"","meta":{"_acf_changed":false,"nf_dc_page":"","footnotes":""},"class_list":["post-2735","page","type-page","status-publish","hentry"],"acf":[],"yoast_head":"<!-- This site is optimized with the Yoast SEO plugin v27.4 - https:\/\/yoast.com\/product\/yoast-seo-wordpress\/ -->\n<title>Projects - Roxana Werner<\/title>\n<meta name=\"robots\" content=\"index, follow, max-snippet:-1, max-image-preview:large, max-video-preview:-1\" \/>\n<link rel=\"canonical\" href=\"https:\/\/roxanawerner.com\/en\/projects\/\" \/>\n<meta property=\"og:locale\" content=\"en_US\" \/>\n<meta property=\"og:type\" content=\"article\" \/>\n<meta property=\"og:title\" content=\"Projects - Roxana Werner\" \/>\n<meta property=\"og:description\" content=\"[vc_row unlock_row_content=&#8221;yes&#8221; row_height_percent=&#8221;0&#8243; override_padding=&#8221;yes&#8221; h_padding=&#8221;0&#8243; top_padding=&#8221;2&#8243; bottom_padding=&#8221;5&#8243; overlay_alpha=&#8221;50&#8243; gutter_size=&#8221;2&#8243; column_width_percent=&#8221;100&#8243; shift_y=&#8221;0&#8243; z_index=&#8221;0&#8243;][vc_column column_width_percent=&#8221;100&#8243; position_horizontal=&#8221;left&#8221; gutter_size=&#8221;1&#8243; overlay_alpha=&#8221;50&#8243; shift_x=&#8221;0&#8243; shift_y=&#8221;0&#8243; shift_y_down=&#8221;0&#8243; z_index=&#8221;0&#8243; [&hellip;]\" \/>\n<meta property=\"og:url\" content=\"https:\/\/roxanawerner.com\/en\/projects\/\" \/>\n<meta property=\"og:site_name\" content=\"Roxana Werner\" \/>\n<meta property=\"article:modified_time\" content=\"2025-07-20T03:36:56+00:00\" \/>\n<meta name=\"twitter:card\" content=\"summary_large_image\" \/>\n<meta name=\"twitter:label1\" content=\"Est. reading time\" \/>\n\t<meta name=\"twitter:data1\" content=\"1 minute\" \/>\n<script type=\"application\/ld+json\" class=\"yoast-schema-graph\">{\"@context\":\"https:\\\/\\\/schema.org\",\"@graph\":[{\"@type\":\"WebPage\",\"@id\":\"https:\\\/\\\/roxanawerner.com\\\/en\\\/projects\\\/\",\"url\":\"https:\\\/\\\/roxanawerner.com\\\/en\\\/projects\\\/\",\"name\":\"Projects - Roxana Werner\",\"isPartOf\":{\"@id\":\"https:\\\/\\\/roxanawerner.com\\\/en\\\/#website\"},\"datePublished\":\"2020-08-13T03:33:48+00:00\",\"dateModified\":\"2025-07-20T03:36:56+00:00\",\"breadcrumb\":{\"@id\":\"https:\\\/\\\/roxanawerner.com\\\/en\\\/projects\\\/#breadcrumb\"},\"inLanguage\":\"en-US\",\"potentialAction\":[{\"@type\":\"ReadAction\",\"target\":[\"https:\\\/\\\/roxanawerner.com\\\/en\\\/projects\\\/\"]}]},{\"@type\":\"BreadcrumbList\",\"@id\":\"https:\\\/\\\/roxanawerner.com\\\/en\\\/projects\\\/#breadcrumb\",\"itemListElement\":[{\"@type\":\"ListItem\",\"position\":1,\"name\":\"Portada\",\"item\":\"https:\\\/\\\/roxanawerner.com\\\/en\\\/?page_id=2743\"},{\"@type\":\"ListItem\",\"position\":2,\"name\":\"Projects\"}]},{\"@type\":\"WebSite\",\"@id\":\"https:\\\/\\\/roxanawerner.com\\\/en\\\/#website\",\"url\":\"https:\\\/\\\/roxanawerner.com\\\/en\\\/\",\"name\":\"Roxana Werner\",\"description\":\"Roxana Werner pinta con \u00f3leo y t\u00e9cnicas mixtas sobre diversos soportes. Crea su obra a partir de la investigaci\u00f3n de la historia y la cultura de los diferentes lugares que ha recorrido y que la han inspirado.\",\"potentialAction\":[{\"@type\":\"SearchAction\",\"target\":{\"@type\":\"EntryPoint\",\"urlTemplate\":\"https:\\\/\\\/roxanawerner.com\\\/en\\\/?s={search_term_string}\"},\"query-input\":{\"@type\":\"PropertyValueSpecification\",\"valueRequired\":true,\"valueName\":\"search_term_string\"}}],\"inLanguage\":\"en-US\"}]}<\/script>\n<!-- \/ Yoast SEO plugin. -->","yoast_head_json":{"title":"Projects - Roxana Werner","robots":{"index":"index","follow":"follow","max-snippet":"max-snippet:-1","max-image-preview":"max-image-preview:large","max-video-preview":"max-video-preview:-1"},"canonical":"https:\/\/roxanawerner.com\/en\/projects\/","og_locale":"en_US","og_type":"article","og_title":"Projects - Roxana Werner","og_description":"[vc_row unlock_row_content=&#8221;yes&#8221; row_height_percent=&#8221;0&#8243; override_padding=&#8221;yes&#8221; h_padding=&#8221;0&#8243; top_padding=&#8221;2&#8243; bottom_padding=&#8221;5&#8243; overlay_alpha=&#8221;50&#8243; gutter_size=&#8221;2&#8243; column_width_percent=&#8221;100&#8243; shift_y=&#8221;0&#8243; z_index=&#8221;0&#8243;][vc_column column_width_percent=&#8221;100&#8243; position_horizontal=&#8221;left&#8221; gutter_size=&#8221;1&#8243; overlay_alpha=&#8221;50&#8243; shift_x=&#8221;0&#8243; shift_y=&#8221;0&#8243; shift_y_down=&#8221;0&#8243; z_index=&#8221;0&#8243; [&hellip;]","og_url":"https:\/\/roxanawerner.com\/en\/projects\/","og_site_name":"Roxana Werner","article_modified_time":"2025-07-20T03:36:56+00:00","twitter_card":"summary_large_image","twitter_misc":{"Est. reading time":"1 minute"},"schema":{"@context":"https:\/\/schema.org","@graph":[{"@type":"WebPage","@id":"https:\/\/roxanawerner.com\/en\/projects\/","url":"https:\/\/roxanawerner.com\/en\/projects\/","name":"Projects - Roxana Werner","isPartOf":{"@id":"https:\/\/roxanawerner.com\/en\/#website"},"datePublished":"2020-08-13T03:33:48+00:00","dateModified":"2025-07-20T03:36:56+00:00","breadcrumb":{"@id":"https:\/\/roxanawerner.com\/en\/projects\/#breadcrumb"},"inLanguage":"en-US","potentialAction":[{"@type":"ReadAction","target":["https:\/\/roxanawerner.com\/en\/projects\/"]}]},{"@type":"BreadcrumbList","@id":"https:\/\/roxanawerner.com\/en\/projects\/#breadcrumb","itemListElement":[{"@type":"ListItem","position":1,"name":"Portada","item":"https:\/\/roxanawerner.com\/en\/?page_id=2743"},{"@type":"ListItem","position":2,"name":"Projects"}]},{"@type":"WebSite","@id":"https:\/\/roxanawerner.com\/en\/#website","url":"https:\/\/roxanawerner.com\/en\/","name":"Roxana Werner","description":"Roxana Werner pinta con \u00f3leo y t\u00e9cnicas mixtas sobre diversos soportes. Crea su obra a partir de la investigaci\u00f3n de la historia y la cultura de los diferentes lugares que ha recorrido y que la han inspirado.","potentialAction":[{"@type":"SearchAction","target":{"@type":"EntryPoint","urlTemplate":"https:\/\/roxanawerner.com\/en\/?s={search_term_string}"},"query-input":{"@type":"PropertyValueSpecification","valueRequired":true,"valueName":"search_term_string"}}],"inLanguage":"en-US"}]}},"jetpack_sharing_enabled":true,"_links":{"self":[{"href":"https:\/\/roxanawerner.com\/en\/wp-json\/wp\/v2\/pages\/2735","targetHints":{"allow":["GET"]}}],"collection":[{"href":"https:\/\/roxanawerner.com\/en\/wp-json\/wp\/v2\/pages"}],"about":[{"href":"https:\/\/roxanawerner.com\/en\/wp-json\/wp\/v2\/types\/page"}],"author":[{"embeddable":true,"href":"https:\/\/roxanawerner.com\/en\/wp-json\/wp\/v2\/users\/1"}],"replies":[{"embeddable":true,"href":"https:\/\/roxanawerner.com\/en\/wp-json\/wp\/v2\/comments?post=2735"}],"version-history":[{"count":3,"href":"https:\/\/roxanawerner.com\/en\/wp-json\/wp\/v2\/pages\/2735\/revisions"}],"predecessor-version":[{"id":2740,"href":"https:\/\/roxanawerner.com\/en\/wp-json\/wp\/v2\/pages\/2735\/revisions\/2740"}],"wp:attachment":[{"href":"https:\/\/roxanawerner.com\/en\/wp-json\/wp\/v2\/media?parent=2735"}],"curies":[{"name":"wp","href":"https:\/\/api.w.org\/{rel}","templated":true}]}}