{"id":2729,"date":"2024-08-09T23:47:44","date_gmt":"2024-08-10T02:47:44","guid":{"rendered":"https:\/\/roxanawerner.com\/biography\/"},"modified":"2025-08-22T23:32:51","modified_gmt":"2025-08-23T02:32:51","slug":"biography","status":"publish","type":"page","link":"https:\/\/roxanawerner.com\/en\/biography\/","title":{"rendered":"Biography"},"content":{"rendered":"<div class=\"wpb-content-wrapper\"><p>[vc_row row_height_percent=&#8221;0&#8243; overlay_alpha=&#8221;50&#8243; gutter_size=&#8221;3&#8243; column_width_percent=&#8221;100&#8243; shift_y=&#8221;0&#8243; z_index=&#8221;0&#8243; uncode_shortcode_id=&#8221;455439&#8243;][vc_column column_width_percent=&#8221;100&#8243; position_vertical=&#8221;bottom&#8221; gutter_size=&#8221;3&#8243; overlay_alpha=&#8221;50&#8243; shift_x=&#8221;0&#8243; shift_y=&#8221;0&#8243; shift_y_down=&#8221;0&#8243; z_index=&#8221;0&#8243; medium_width=&#8221;0&#8243; mobile_width=&#8221;0&#8243; width=&#8221;1\/1&#8243; uncode_shortcode_id=&#8221;174128&#8243;][vc_empty_space empty_h=&#8221;3&#8243;][vc_row_inner limit_content=&#8221;&#8221;][vc_column_inner column_width_percent=&#8221;100&#8243; align_horizontal=&#8221;align_center&#8221; gutter_size=&#8221;3&#8243; overlay_alpha=&#8221;50&#8243; shift_x=&#8221;0&#8243; shift_y=&#8221;0&#8243; shift_y_down=&#8221;0&#8243; z_index=&#8221;0&#8243; medium_width=&#8221;0&#8243; mobile_width=&#8221;0&#8243; width=&#8221;1\/1&#8243; uncode_shortcode_id=&#8221;174907&#8243;][vc_custom_heading text_font=&#8221;font-555555&#8243; text_size=&#8221;custom&#8221; text_weight=&#8221;400&#8243; text_transform=&#8221;uppercase&#8221; uncode_shortcode_id=&#8221;784729&#8243; heading_custom_size=&#8221;32&#8243;]<strong>Biography<\/strong>[\/vc_custom_heading][\/vc_column_inner][\/vc_row_inner][\/vc_column][\/vc_row][vc_row unlock_row=&#8221;&#8221; row_height_percent=&#8221;0&#8243; overlay_alpha=&#8221;50&#8243; gutter_size=&#8221;3&#8243; column_width_percent=&#8221;100&#8243; shift_y=&#8221;0&#8243; z_index=&#8221;0&#8243; uncode_shortcode_id=&#8221;129759&#8243;][vc_column column_width_percent=&#8221;50&#8243; gutter_size=&#8221;3&#8243; overlay_alpha=&#8221;50&#8243; shift_x=&#8221;0&#8243; shift_y=&#8221;0&#8243; shift_y_down=&#8221;0&#8243; z_index=&#8221;0&#8243; medium_width=&#8221;0&#8243; mobile_width=&#8221;0&#8243; width=&#8221;1\/1&#8243; uncode_shortcode_id=&#8221;686494&#8243;][vc_column_text text_lead=&#8221;yes&#8221; uncode_shortcode_id=&#8221;171392&#8243;]I studied Textile Design, a career in which I learned Javanese Art, being Batik a part of its expression.<br \/>\nI worked with the Batik technique making mural tapestries. The color is applied and reserved, with a limit in the use of shades.<\/p>\n<p>Looking for ways to expand my possibilities to work with color and drawing, I entered the Catholic University of Chile to study Visual Arts. Then I enriched my learning in workshops of different painting masters.<\/p>\n<p>In the early years the academic training was very rigorous, which provided me with a fundamental base that has allowed me to develop different modes of expression, techniques and styles. In addition to this rigor in my work, I studied Art History and Theory at the University of Chile, which allowed me to know, understand and integrate into my work the artistic movements that have been developed over the course of different periods.<\/p>\n<p>Each project I have been working on throughout my career corresponds to a unique and different theme. I have worked developing six relevant projects;[\/vc_column_text][vc_empty_space empty_h=&#8221;2&#8243;][vc_row_inner][vc_column_inner column_width_percent=&#8221;100&#8243; align_horizontal=&#8221;align_center&#8221; gutter_size=&#8221;3&#8243; overlay_alpha=&#8221;50&#8243; shift_x=&#8221;0&#8243; shift_y=&#8221;0&#8243; shift_y_down=&#8221;0&#8243; z_index=&#8221;0&#8243; medium_width=&#8221;0&#8243; mobile_width=&#8221;0&#8243; width=&#8221;1\/1&#8243; uncode_shortcode_id=&#8221;109565&#8243;][vc_custom_heading text_font=&#8221;font-555555&#8243; text_weight=&#8221;800&#8243; text_height=&#8221;fontheight-130157&#8243; uncode_shortcode_id=&#8221;286072&#8243;]&#8221;El porqu\u00e9 de Valpara\u00edso&#8221;<br \/>\n&#8220;De Valpara\u00edso a Neruda&#8221;<br \/>\n&#8220;La Huella del Tiempo&#8221;<br \/>\n&#8220;Del Salitre a Iquique&#8221;<br \/>\n&#8220;Mas all\u00e1 y m\u00e1s ac\u00e1 de la Frontera&#8221;<br \/>\n&#8220;Rostros&#8221;[\/vc_custom_heading][\/vc_column_inner][\/vc_row_inner][vc_empty_space empty_h=&#8221;2&#8243;][\/vc_column][\/vc_row][vc_row][vc_column column_width_percent=&#8221;100&#8243; position_vertical=&#8221;middle&#8221; gutter_size=&#8221;3&#8243; overlay_alpha=&#8221;50&#8243; shift_x=&#8221;0&#8243; shift_y=&#8221;0&#8243; shift_y_down=&#8221;0&#8243; z_index=&#8221;0&#8243; medium_width=&#8221;0&#8243; mobile_width=&#8221;0&#8243; width=&#8221;1\/1&#8243; uncode_shortcode_id=&#8221;811035&#8243;][vc_single_image media=&#8221;2004&#8243; media_width_use_pixel=&#8221;yes&#8221; media_ratio=&#8221;one-one&#8221; alignment=&#8221;center&#8221; uncode_shortcode_id=&#8221;182693&#8243; media_width_pixel=&#8221;156&#8243;][vc_single_image media=&#8221;2006&#8243; media_width_use_pixel=&#8221;yes&#8221; alignment=&#8221;center&#8221; uncode_shortcode_id=&#8221;169225&#8243; media_width_pixel=&#8221;126&#8243;][\/vc_column][\/vc_row]<\/p>\n<\/div>","protected":false},"excerpt":{"rendered":"<p>[vc_row row_height_percent=&#8221;0&#8243; overlay_alpha=&#8221;50&#8243; gutter_size=&#8221;3&#8243; column_width_percent=&#8221;100&#8243; shift_y=&#8221;0&#8243; z_index=&#8221;0&#8243; uncode_shortcode_id=&#8221;455439&#8243;][vc_column column_width_percent=&#8221;100&#8243; position_vertical=&#8221;bottom&#8221; gutter_size=&#8221;3&#8243; overlay_alpha=&#8221;50&#8243; shift_x=&#8221;0&#8243; shift_y=&#8221;0&#8243; shift_y_down=&#8221;0&#8243; z_index=&#8221;0&#8243; medium_width=&#8221;0&#8243; mobile_width=&#8221;0&#8243; width=&#8221;1\/1&#8243; uncode_shortcode_id=&#8221;174128&#8243;][vc_empty_space [&hellip;]<\/p>\n","protected":false},"author":1,"featured_media":2397,"parent":0,"menu_order":0,"comment_status":"closed","ping_status":"closed","template":"","meta":{"_acf_changed":false,"nf_dc_page":"","footnotes":""},"class_list":["post-2729","page","type-page","status-publish","has-post-thumbnail","hentry"],"acf":[],"yoast_head":"<!-- This site is optimized with the Yoast SEO plugin v27.4 - https:\/\/yoast.com\/product\/yoast-seo-wordpress\/ -->\n<title>Biography - Roxana Werner<\/title>\n<meta name=\"description\" content=\"I paint with oil and mixed media on different supports. I create my work from researching the history and culture of the different places I have traveled to and which have inspired me.\" \/>\n<meta name=\"robots\" content=\"index, follow, max-snippet:-1, max-image-preview:large, max-video-preview:-1\" \/>\n<link rel=\"canonical\" href=\"https:\/\/roxanawerner.com\/en\/biography\/\" \/>\n<meta property=\"og:locale\" content=\"en_US\" \/>\n<meta property=\"og:type\" content=\"article\" \/>\n<meta property=\"og:title\" content=\"Biography - Roxana Werner\" \/>\n<meta property=\"og:description\" content=\"I paint with oil and mixed media on different supports. I create my work from researching the history and culture of the different places I have traveled to and which have inspired me.\" \/>\n<meta property=\"og:url\" content=\"https:\/\/roxanawerner.com\/en\/biography\/\" \/>\n<meta property=\"og:site_name\" content=\"Roxana Werner\" \/>\n<meta property=\"article:modified_time\" content=\"2025-08-23T02:32:51+00:00\" \/>\n<meta property=\"og:image\" content=\"https:\/\/i0.wp.com\/roxanawerner.com\/wp-content\/uploads\/2020\/08\/biografia_01.jpg?fit=528%2C396&ssl=1\" \/>\n\t<meta property=\"og:image:width\" content=\"528\" \/>\n\t<meta property=\"og:image:height\" content=\"396\" \/>\n\t<meta property=\"og:image:type\" content=\"image\/jpeg\" \/>\n<meta name=\"twitter:card\" content=\"summary_large_image\" \/>\n<meta name=\"twitter:label1\" content=\"Est. reading time\" \/>\n\t<meta name=\"twitter:data1\" content=\"3 minutes\" \/>\n<script type=\"application\/ld+json\" class=\"yoast-schema-graph\">{\"@context\":\"https:\\\/\\\/schema.org\",\"@graph\":[{\"@type\":\"WebPage\",\"@id\":\"https:\\\/\\\/roxanawerner.com\\\/en\\\/biography\\\/\",\"url\":\"https:\\\/\\\/roxanawerner.com\\\/en\\\/biography\\\/\",\"name\":\"Biography - Roxana Werner\",\"isPartOf\":{\"@id\":\"https:\\\/\\\/roxanawerner.com\\\/en\\\/#website\"},\"primaryImageOfPage\":{\"@id\":\"https:\\\/\\\/roxanawerner.com\\\/en\\\/biography\\\/#primaryimage\"},\"image\":{\"@id\":\"https:\\\/\\\/roxanawerner.com\\\/en\\\/biography\\\/#primaryimage\"},\"thumbnailUrl\":\"https:\\\/\\\/i0.wp.com\\\/roxanawerner.com\\\/wp-content\\\/uploads\\\/2020\\\/08\\\/biografia_01.jpg?fit=528%2C396&ssl=1\",\"datePublished\":\"2024-08-10T02:47:44+00:00\",\"dateModified\":\"2025-08-23T02:32:51+00:00\",\"description\":\"I paint with oil and mixed media on different supports. I create my work from researching the history and culture of the different places I have traveled to and which have inspired me.\",\"breadcrumb\":{\"@id\":\"https:\\\/\\\/roxanawerner.com\\\/en\\\/biography\\\/#breadcrumb\"},\"inLanguage\":\"en-US\",\"potentialAction\":[{\"@type\":\"ReadAction\",\"target\":[\"https:\\\/\\\/roxanawerner.com\\\/en\\\/biography\\\/\"]}]},{\"@type\":\"ImageObject\",\"inLanguage\":\"en-US\",\"@id\":\"https:\\\/\\\/roxanawerner.com\\\/en\\\/biography\\\/#primaryimage\",\"url\":\"https:\\\/\\\/i0.wp.com\\\/roxanawerner.com\\\/wp-content\\\/uploads\\\/2020\\\/08\\\/biografia_01.jpg?fit=528%2C396&ssl=1\",\"contentUrl\":\"https:\\\/\\\/i0.wp.com\\\/roxanawerner.com\\\/wp-content\\\/uploads\\\/2020\\\/08\\\/biografia_01.jpg?fit=528%2C396&ssl=1\",\"width\":528,\"height\":396},{\"@type\":\"BreadcrumbList\",\"@id\":\"https:\\\/\\\/roxanawerner.com\\\/en\\\/biography\\\/#breadcrumb\",\"itemListElement\":[{\"@type\":\"ListItem\",\"position\":1,\"name\":\"Portada\",\"item\":\"https:\\\/\\\/roxanawerner.com\\\/en\\\/?page_id=2743\"},{\"@type\":\"ListItem\",\"position\":2,\"name\":\"Biography\"}]},{\"@type\":\"WebSite\",\"@id\":\"https:\\\/\\\/roxanawerner.com\\\/en\\\/#website\",\"url\":\"https:\\\/\\\/roxanawerner.com\\\/en\\\/\",\"name\":\"Roxana Werner\",\"description\":\"Roxana Werner pinta con \u00f3leo y t\u00e9cnicas mixtas sobre diversos soportes. Crea su obra a partir de la investigaci\u00f3n de la historia y la cultura de los diferentes lugares que ha recorrido y que la han inspirado.\",\"potentialAction\":[{\"@type\":\"SearchAction\",\"target\":{\"@type\":\"EntryPoint\",\"urlTemplate\":\"https:\\\/\\\/roxanawerner.com\\\/en\\\/?s={search_term_string}\"},\"query-input\":{\"@type\":\"PropertyValueSpecification\",\"valueRequired\":true,\"valueName\":\"search_term_string\"}}],\"inLanguage\":\"en-US\"}]}<\/script>\n<!-- \/ Yoast SEO plugin. -->","yoast_head_json":{"title":"Biography - Roxana Werner","description":"I paint with oil and mixed media on different supports. I create my work from researching the history and culture of the different places I have traveled to and which have inspired me.","robots":{"index":"index","follow":"follow","max-snippet":"max-snippet:-1","max-image-preview":"max-image-preview:large","max-video-preview":"max-video-preview:-1"},"canonical":"https:\/\/roxanawerner.com\/en\/biography\/","og_locale":"en_US","og_type":"article","og_title":"Biography - Roxana Werner","og_description":"I paint with oil and mixed media on different supports. I create my work from researching the history and culture of the different places I have traveled to and which have inspired me.","og_url":"https:\/\/roxanawerner.com\/en\/biography\/","og_site_name":"Roxana Werner","article_modified_time":"2025-08-23T02:32:51+00:00","og_image":[{"width":528,"height":396,"url":"https:\/\/i0.wp.com\/roxanawerner.com\/wp-content\/uploads\/2020\/08\/biografia_01.jpg?fit=528%2C396&ssl=1","type":"image\/jpeg"}],"twitter_card":"summary_large_image","twitter_misc":{"Est. reading time":"3 minutes"},"schema":{"@context":"https:\/\/schema.org","@graph":[{"@type":"WebPage","@id":"https:\/\/roxanawerner.com\/en\/biography\/","url":"https:\/\/roxanawerner.com\/en\/biography\/","name":"Biography - Roxana Werner","isPartOf":{"@id":"https:\/\/roxanawerner.com\/en\/#website"},"primaryImageOfPage":{"@id":"https:\/\/roxanawerner.com\/en\/biography\/#primaryimage"},"image":{"@id":"https:\/\/roxanawerner.com\/en\/biography\/#primaryimage"},"thumbnailUrl":"https:\/\/i0.wp.com\/roxanawerner.com\/wp-content\/uploads\/2020\/08\/biografia_01.jpg?fit=528%2C396&ssl=1","datePublished":"2024-08-10T02:47:44+00:00","dateModified":"2025-08-23T02:32:51+00:00","description":"I paint with oil and mixed media on different supports. I create my work from researching the history and culture of the different places I have traveled to and which have inspired me.","breadcrumb":{"@id":"https:\/\/roxanawerner.com\/en\/biography\/#breadcrumb"},"inLanguage":"en-US","potentialAction":[{"@type":"ReadAction","target":["https:\/\/roxanawerner.com\/en\/biography\/"]}]},{"@type":"ImageObject","inLanguage":"en-US","@id":"https:\/\/roxanawerner.com\/en\/biography\/#primaryimage","url":"https:\/\/i0.wp.com\/roxanawerner.com\/wp-content\/uploads\/2020\/08\/biografia_01.jpg?fit=528%2C396&ssl=1","contentUrl":"https:\/\/i0.wp.com\/roxanawerner.com\/wp-content\/uploads\/2020\/08\/biografia_01.jpg?fit=528%2C396&ssl=1","width":528,"height":396},{"@type":"BreadcrumbList","@id":"https:\/\/roxanawerner.com\/en\/biography\/#breadcrumb","itemListElement":[{"@type":"ListItem","position":1,"name":"Portada","item":"https:\/\/roxanawerner.com\/en\/?page_id=2743"},{"@type":"ListItem","position":2,"name":"Biography"}]},{"@type":"WebSite","@id":"https:\/\/roxanawerner.com\/en\/#website","url":"https:\/\/roxanawerner.com\/en\/","name":"Roxana Werner","description":"Roxana Werner pinta con \u00f3leo y t\u00e9cnicas mixtas sobre diversos soportes. Crea su obra a partir de la investigaci\u00f3n de la historia y la cultura de los diferentes lugares que ha recorrido y que la han inspirado.","potentialAction":[{"@type":"SearchAction","target":{"@type":"EntryPoint","urlTemplate":"https:\/\/roxanawerner.com\/en\/?s={search_term_string}"},"query-input":{"@type":"PropertyValueSpecification","valueRequired":true,"valueName":"search_term_string"}}],"inLanguage":"en-US"}]}},"jetpack_sharing_enabled":true,"_links":{"self":[{"href":"https:\/\/roxanawerner.com\/en\/wp-json\/wp\/v2\/pages\/2729","targetHints":{"allow":["GET"]}}],"collection":[{"href":"https:\/\/roxanawerner.com\/en\/wp-json\/wp\/v2\/pages"}],"about":[{"href":"https:\/\/roxanawerner.com\/en\/wp-json\/wp\/v2\/types\/page"}],"author":[{"embeddable":true,"href":"https:\/\/roxanawerner.com\/en\/wp-json\/wp\/v2\/users\/1"}],"replies":[{"embeddable":true,"href":"https:\/\/roxanawerner.com\/en\/wp-json\/wp\/v2\/comments?post=2729"}],"version-history":[{"count":5,"href":"https:\/\/roxanawerner.com\/en\/wp-json\/wp\/v2\/pages\/2729\/revisions"}],"predecessor-version":[{"id":3118,"href":"https:\/\/roxanawerner.com\/en\/wp-json\/wp\/v2\/pages\/2729\/revisions\/3118"}],"wp:featuredmedia":[{"embeddable":true,"href":"https:\/\/roxanawerner.com\/en\/wp-json\/wp\/v2\/media\/2397"}],"wp:attachment":[{"href":"https:\/\/roxanawerner.com\/en\/wp-json\/wp\/v2\/media?parent=2729"}],"curies":[{"name":"wp","href":"https:\/\/api.w.org\/{rel}","templated":true}]}}